{"id":335,"date":"2017-01-24T10:41:45","date_gmt":"2017-01-24T10:41:45","guid":{"rendered":"https:\/\/raratheme.com\/preview\/education-zone\/?page_id=335"},"modified":"2021-09-16T23:11:25","modified_gmt":"2021-09-16T23:11:25","slug":"contact-us","status":"publish","type":"page","link":"https:\/\/schnelltestzentrum-loissin.de\/?page_id=335","title":{"rendered":"Kontakt"},"content":{"rendered":"<p>Wenn Sie Fragen haben, k\u00f6nnen Sie uns w\u00e4hrend der \u00d6ffnungszeiten:<\/p>\n<p>Freitag-Sonntag (auch an Feiertagen)<br \/>\njeweils 17-19 Uhr<\/p>\n<p>telefonisch unter 0151-20117078 erreichen.<\/p>\n<p>Alternativ k\u00f6nnen Sie uns per Mail unter <a href=\"mailto:info@schnelltestzentrum-loissin.de\">info@schnelltestzentrum-loissin.de<\/a> erreichen.<\/p>\n","protected":false},"excerpt":{"rendered":"<p>Wenn Sie Fragen haben, k\u00f6nnen Sie uns w\u00e4hrend der \u00d6ffnungszeiten: Freitag-Sonntag (auch an Feiertagen) jeweils 17-19 Uhr telefonisch unter 0151-20117078 &hellip; <\/p>\n","protected":false},"author":1,"featured_media":0,"parent":0,"menu_order":0,"comment_status":"closed","ping_status":"closed","template":"","meta":[],"_links":{"self":[{"href":"https:\/\/schnelltestzentrum-loissin.de\/index.php?rest_route=\/wp\/v2\/pages\/335"}],"collection":[{"href":"https:\/\/schnelltestzentrum-loissin.de\/index.php?rest_route=\/wp\/v2\/pages"}],"about":[{"href":"https:\/\/schnelltestzentrum-loissin.de\/index.php?rest_route=\/wp\/v2\/types\/page"}],"author":[{"embeddable":true,"href":"https:\/\/schnelltestzentrum-loissin.de\/index.php?rest_route=\/wp\/v2\/users\/1"}],"replies":[{"embeddable":true,"href":"https:\/\/schnelltestzentrum-loissin.de\/index.php?rest_route=%2Fwp%2Fv2%2Fcomments&post=335"}],"version-history":[{"count":6,"href":"https:\/\/schnelltestzentrum-loissin.de\/index.php?rest_route=\/wp\/v2\/pages\/335\/revisions"}],"predecessor-version":[{"id":570,"href":"https:\/\/schnelltestzentrum-loissin.de\/index.php?rest_route=\/wp\/v2\/pages\/335\/revisions\/570"}],"wp:attachment":[{"href":"https:\/\/schnelltestzentrum-loissin.de\/index.php?rest_route=%2Fwp%2Fv2%2Fmedia&parent=335"}],"curies":[{"name":"wp","href":"https:\/\/api.w.org\/{rel}","templated":true}]}}